{"id":2149,"date":"2023-01-22T18:10:35","date_gmt":"2023-01-22T18:10:35","guid":{"rendered":"https:\/\/taxisgrootdilbeek.be\/?page_id=2149"},"modified":"2023-02-13T22:16:06","modified_gmt":"2023-02-13T22:16:06","slug":"home","status":"publish","type":"page","link":"https:\/\/taxisgrootdilbeek.be\/fr\/home\/","title":{"rendered":"Home"},"content":{"rendered":"<p>[vc_row][vc_column][vc_column_text css_animation=\u00a0\u00bbnone\u00a0\u00bb]<\/p>\n<h2 style=\"text-align: center;\">TAXIS GROOT DILBEEK<\/h2>\n<p>&nbsp;<\/p>\n<h4>Notre soci\u00e9t\u00e9 de taxi bas\u00e9e \u00e0 Dilbeek en p\u00e9riph\u00e9rie de Bruxelles (capitale de l&rsquo;Europe) vous propose ses services de transport personnalis\u00e9s.<\/h4>\n<h4>Gr\u00e2ce \u00e0 nos diff\u00e9rents v\u00e9hicules (taxi, berline, minibus, etc.), nous nous adaptons en effet \u00e0 vos besoins pour toujours vous offrir le meilleur confort et s\u00e9curit\u00e9 possible. Vous pouvez compter sur nos chauffeurs professionnels pour cela.<br \/>\nTaxi Groot Dilbeek prend en charge tous vos d\u00e9placements(gares, a\u00e9roports, h\u00f4pitaux, centres commerciaux, shopping, etc.).<\/h4>\n<p>[\/vc_column_text][vc_separator color=\u00a0\u00bborange\u00a0\u00bb][\/vc_column][\/vc_row][vc_row][vc_column][vc_cta h2=\u00a0\u00bb\u00a0\u00bb style=\u00a0\u00bbflat\u00a0\u00bb color=\u00a0\u00bbwhite\u00a0\u00bb add_button=\u00a0\u00bbbottom\u00a0\u00bb btn_title=\u00a0\u00bbR\u00e9server un Taxi\u00a0\u00bb btn_style=\u00a0\u00bb3d\u00a0\u00bb btn_color=\u00a0\u00bborange\u00a0\u00bb btn_align=\u00a0\u00bbright\u00a0\u00bb btn_link=\u00a0\u00bburl:https%3A%2F%2Ftaxisgrootdilbeek.be%2Ffr%2Freservation%2F\u00a0\u00bb]<\/p>\n<h4>Faites appel \u00e0 nos chauffeurs de taxi professionnels, ils se feront un plaisir de vous conduire \u00e0 destination avec le sourire.<\/h4>\n<h5><strong>R\u00e9server chez Taxi Groot Dilbeek est tr\u00e8s simple\u00a0!<\/strong><\/h5>\n<p>[\/vc_cta][\/vc_column][\/vc_row][vc_row][vc_column][vc_separator color=\u00a0\u00bborange\u00a0\u00bb][vc_column_text]<\/p>\n<h2 style=\"text-align: center;\"><strong>Faites confiance \u00e0 Taxis Groot Dilbeek pour tout vos d\u00e9placements!<\/strong><\/h2>\n<h2 style=\"text-align: center;\">Vous serez satisfait \u00e0 100%.<\/h2>\n<p>[\/vc_column_text][vc_single_image image=\u00a0\u00bb809&Prime; img_size=\u00a0\u00bb800&#215;350&Prime; alignment=\u00a0\u00bbcenter\u00a0\u00bb][\/vc_column][\/vc_row][vc_row][vc_column][\/vc_column][\/vc_row]<\/p>\n","protected":false},"excerpt":{"rendered":"<p>[vc_row][vc_column][vc_column_text css_animation=\u00a0\u00bbnone\u00a0\u00bb] TAXIS GROOT DILBEEK &nbsp; Notre soci\u00e9t\u00e9 de taxi bas\u00e9e \u00e0 Dilbeek en p\u00e9riph\u00e9rie de Bruxelles (capitale de l&rsquo;Europe) vous propose ses services de transport personnalis\u00e9s. Gr\u00e2ce \u00e0 nos diff\u00e9rents v\u00e9hicules (taxi, berline, minibus, etc.), nous nous adaptons en effet \u00e0 vos besoins pour toujours vous offrir le meilleur confort et s\u00e9curit\u00e9 possible. Vous [&hellip;]<\/p>\n","protected":false},"author":1,"featured_media":0,"parent":0,"menu_order":0,"comment_status":"closed","ping_status":"closed","template":"","meta":{"footnotes":""},"class_list":["post-2149","page","type-page","status-publish","hentry"],"jetpack_sharing_enabled":true,"_links":{"self":[{"href":"https:\/\/taxisgrootdilbeek.be\/fr\/wp-json\/wp\/v2\/pages\/2149","targetHints":{"allow":["GET"]}}],"collection":[{"href":"https:\/\/taxisgrootdilbeek.be\/fr\/wp-json\/wp\/v2\/pages"}],"about":[{"href":"https:\/\/taxisgrootdilbeek.be\/fr\/wp-json\/wp\/v2\/types\/page"}],"author":[{"embeddable":true,"href":"https:\/\/taxisgrootdilbeek.be\/fr\/wp-json\/wp\/v2\/users\/1"}],"replies":[{"embeddable":true,"href":"https:\/\/taxisgrootdilbeek.be\/fr\/wp-json\/wp\/v2\/comments?post=2149"}],"version-history":[{"count":0,"href":"https:\/\/taxisgrootdilbeek.be\/fr\/wp-json\/wp\/v2\/pages\/2149\/revisions"}],"wp:attachment":[{"href":"https:\/\/taxisgrootdilbeek.be\/fr\/wp-json\/wp\/v2\/media?parent=2149"}],"curies":[{"name":"wp","href":"https:\/\/api.w.org\/{rel}","templated":true}]}}